{"id":28,"date":"2022-03-30T13:14:47","date_gmt":"2022-03-30T13:14:47","guid":{"rendered":"https:\/\/www.xn--wildspezialitten-dechant-2bc.de\/cms\/?page_id=28"},"modified":"2022-12-01T17:42:10","modified_gmt":"2022-12-01T17:42:10","slug":"impressum","status":"publish","type":"page","link":"https:\/\/www.fleischmann-wild.de\/cms\/impressum\/","title":{"rendered":"Impressum"},"content":{"rendered":"\t\t<div data-elementor-type=\"wp-page\" data-elementor-id=\"28\" class=\"elementor elementor-28\" data-elementor-post-type=\"page\">\n\t\t\t\t\t\t<section class=\"elementor-section elementor-top-section elementor-element elementor-element-4d5c779 elementor-section-boxed elementor-section-height-default elementor-section-height-default\" data-id=\"4d5c779\" data-element_type=\"section\" data-e-type=\"section\" data-settings=\"{&quot;background_background&quot;:&quot;slideshow&quot;,&quot;background_slideshow_gallery&quot;:[{&quot;id&quot;:251,&quot;url&quot;:&quot;https:\\\/\\\/www.xn--wildspezialitten-dechant-2bc.de\\\/cms\\\/wp-content\\\/uploads\\\/2022\\\/03\\\/kontakt.jpg&quot;}],&quot;background_slideshow_loop&quot;:&quot;yes&quot;,&quot;background_slideshow_slide_duration&quot;:5000,&quot;background_slideshow_slide_transition&quot;:&quot;fade&quot;,&quot;background_slideshow_transition_duration&quot;:500}\">\n\t\t\t\t\t\t<div class=\"elementor-container elementor-column-gap-default\">\n\t\t\t\t\t<div class=\"elementor-column elementor-col-100 elementor-top-column elementor-element elementor-element-dde3d1c\" data-id=\"dde3d1c\" data-element_type=\"column\" data-e-type=\"column\">\n\t\t\t<div class=\"elementor-widget-wrap elementor-element-populated\">\n\t\t\t\t\t\t<div class=\"elementor-element elementor-element-60f3c6d elementor--h-position-center elementor--v-position-middle elementor-arrows-position-inside elementor-pagination-position-inside elementor-widget elementor-widget-slides\" data-id=\"60f3c6d\" data-element_type=\"widget\" data-e-type=\"widget\" data-settings=\"{&quot;navigation&quot;:&quot;both&quot;,&quot;autoplay&quot;:&quot;yes&quot;,&quot;pause_on_hover&quot;:&quot;yes&quot;,&quot;pause_on_interaction&quot;:&quot;yes&quot;,&quot;autoplay_speed&quot;:5000,&quot;infinite&quot;:&quot;yes&quot;,&quot;transition&quot;:&quot;slide&quot;,&quot;transition_speed&quot;:500}\" data-widget_type=\"slides.default\">\n\t\t\t\t<div class=\"elementor-widget-container\">\n\t\t\t\t\t\t\t\t\t<div class=\"elementor-swiper\">\n\t\t\t\t\t<div class=\"elementor-slides-wrapper elementor-main-swiper swiper\" role=\"region\" aria-roledescription=\"carousel\" aria-label=\"Slider\" dir=\"ltr\" data-animation=\"fadeInUp\">\n\t\t\t\t<div class=\"swiper-wrapper elementor-slides\">\n\t\t\t\t\t\t\t\t\t\t<div class=\"elementor-repeater-item-572a489 swiper-slide\" role=\"group\" aria-roledescription=\"slide\"><div class=\"swiper-slide-bg\"><\/div><div class=\"swiper-slide-inner\" ><div class=\"swiper-slide-contents\"><\/div><\/div><\/div>\t\t\t\t<\/div>\n\t\t\t\t\t\t\t<\/div>\n\t\t\t\t<\/div>\n\t\t\t\t\t\t\t\t<\/div>\n\t\t\t\t<\/div>\n\t\t\t\t\t<\/div>\n\t\t<\/div>\n\t\t\t\t\t<\/div>\n\t\t<\/section>\n\t\t\t\t<section class=\"elementor-section elementor-top-section elementor-element elementor-element-8a7483e elementor-section-boxed elementor-section-height-default elementor-section-height-default\" data-id=\"8a7483e\" data-element_type=\"section\" data-e-type=\"section\">\n\t\t\t\t\t\t<div class=\"elementor-container elementor-column-gap-default\">\n\t\t\t\t\t<div class=\"elementor-column elementor-col-100 elementor-top-column elementor-element elementor-element-61fde75\" data-id=\"61fde75\" data-element_type=\"column\" data-e-type=\"column\">\n\t\t\t<div class=\"elementor-widget-wrap elementor-element-populated\">\n\t\t\t\t\t\t<div class=\"elementor-element elementor-element-8554d82 elementor-widget elementor-widget-spacer\" data-id=\"8554d82\" data-element_type=\"widget\" data-e-type=\"widget\" data-widget_type=\"spacer.default\">\n\t\t\t\t<div class=\"elementor-widget-container\">\n\t\t\t\t\t\t\t<div class=\"elementor-spacer\">\n\t\t\t<div class=\"elementor-spacer-inner\"><\/div>\n\t\t<\/div>\n\t\t\t\t\t\t<\/div>\n\t\t\t\t<\/div>\n\t\t\t\t\t<\/div>\n\t\t<\/div>\n\t\t\t\t\t<\/div>\n\t\t<\/section>\n\t\t\t\t<section class=\"elementor-section elementor-top-section elementor-element elementor-element-927ea9c elementor-section-boxed elementor-section-height-default elementor-section-height-default\" data-id=\"927ea9c\" data-element_type=\"section\" data-e-type=\"section\">\n\t\t\t\t\t\t<div class=\"elementor-container elementor-column-gap-default\">\n\t\t\t\t\t<div class=\"elementor-column elementor-col-100 elementor-top-column elementor-element elementor-element-1b68461\" data-id=\"1b68461\" data-element_type=\"column\" data-e-type=\"column\">\n\t\t\t<div class=\"elementor-widget-wrap elementor-element-populated\">\n\t\t\t\t\t\t<div class=\"elementor-element elementor-element-f03f34d elementor-widget elementor-widget-text-editor\" data-id=\"f03f34d\" data-element_type=\"widget\" data-e-type=\"widget\" data-widget_type=\"text-editor.default\">\n\t\t\t\t<div class=\"elementor-widget-container\">\n\t\t\t\t\t\t\t\t\t<h4>IMPRESSUM<\/h4>\n<p>Verantwortlich f\u00fcr diese Internetseite im Sinne des \u00a755 Abs. 2 RStV ist:<\/p>\n<p><strong>WILDSPEZIALIT\u00c4TEN FLEISCHMANN e.K.<\/strong><\/p>\n<p>Herr Robert Michael Fleischmann<\/p>\n<p>Herzog-Albrecht-Str. 16<br>D-93354 Siegenburg<\/p>\n<p>Tel.: 0049 (0) 151 &#8211; 29116666<br>Ust.-Ident: DE283676751<\/p>\n<p>Ohne vorherige schriftliche Genehmigung von Wildspezialit\u00e4ten Fleischmann sind Sie nicht befugt, Bild- und Textmaterial in gleich welcher Weise zu verwenden, zu kopieren, zu reproduzieren, wieder zu ver\u00f6ffentlichen, hoch zu laden, zu versenden, zu \u00fcbertragen, zu vertreiben oder zu ver\u00e4ndern. Das unautorisierte Kopieren, Weiterverwenden der Website oder deren Inhalte ist nicht gestattet. \u00c4nderungen und Irrt\u00fcmer vorbehalten.<\/p>\n<p><\/p>\n<p>In Zusammenarbeit mit Medienagentur Reuther<br>www.medienagentur-reuther.de<\/p>\n<p>Bilder: fotolia<\/p>\t\t\t\t\t\t\t\t<\/div>\n\t\t\t\t<\/div>\n\t\t\t\t\t<\/div>\n\t\t<\/div>\n\t\t\t\t\t<\/div>\n\t\t<\/section>\n\t\t\t\t<section class=\"elementor-section elementor-top-section elementor-element elementor-element-41fbc1d elementor-section-boxed elementor-section-height-default elementor-section-height-default\" data-id=\"41fbc1d\" data-element_type=\"section\" data-e-type=\"section\">\n\t\t\t\t\t\t<div class=\"elementor-container elementor-column-gap-default\">\n\t\t\t\t\t<div class=\"elementor-column elementor-col-100 elementor-top-column elementor-element elementor-element-86c2317\" data-id=\"86c2317\" data-element_type=\"column\" data-e-type=\"column\">\n\t\t\t<div class=\"elementor-widget-wrap elementor-element-populated\">\n\t\t\t\t\t\t<div class=\"elementor-element elementor-element-cf2243a elementor-widget elementor-widget-spacer\" data-id=\"cf2243a\" data-element_type=\"widget\" data-e-type=\"widget\" data-widget_type=\"spacer.default\">\n\t\t\t\t<div class=\"elementor-widget-container\">\n\t\t\t\t\t\t\t<div class=\"elementor-spacer\">\n\t\t\t<div class=\"elementor-spacer-inner\"><\/div>\n\t\t<\/div>\n\t\t\t\t\t\t<\/div>\n\t\t\t\t<\/div>\n\t\t\t\t\t<\/div>\n\t\t<\/div>\n\t\t\t\t\t<\/div>\n\t\t<\/section>\n\t\t\t\t<\/div>\n\t\t","protected":false},"excerpt":{"rendered":"<p>IMPRESSUM Verantwortlich f\u00fcr diese Internetseite im Sinne des \u00a755 Abs. 2 RStV ist: WILDSPEZIALIT\u00c4TEN FLEISCHMANN e.K. Herr Robert Michael Fleischmann Herzog-Albrecht-Str. 16D-93354 Siegenburg Tel.: 0049 (0) 151 &#8211; 29116666Ust.-Ident: DE283676751 Ohne vorherige schriftliche Genehmigung von Wildspezialit\u00e4ten Fleischmann sind Sie nicht befugt, Bild- und Textmaterial in gleich welcher Weise zu verwenden, zu kopieren, zu reproduzieren, wieder [&hellip;]<\/p>\n","protected":false},"author":1,"featured_media":0,"parent":0,"menu_order":600,"comment_status":"closed","ping_status":"closed","template":"","meta":{"footnotes":""},"class_list":["post-28","page","type-page","status-publish","hentry"],"_links":{"self":[{"href":"https:\/\/www.fleischmann-wild.de\/cms\/wp-json\/wp\/v2\/pages\/28","targetHints":{"allow":["GET"]}}],"collection":[{"href":"https:\/\/www.fleischmann-wild.de\/cms\/wp-json\/wp\/v2\/pages"}],"about":[{"href":"https:\/\/www.fleischmann-wild.de\/cms\/wp-json\/wp\/v2\/types\/page"}],"author":[{"embeddable":true,"href":"https:\/\/www.fleischmann-wild.de\/cms\/wp-json\/wp\/v2\/users\/1"}],"replies":[{"embeddable":true,"href":"https:\/\/www.fleischmann-wild.de\/cms\/wp-json\/wp\/v2\/comments?post=28"}],"version-history":[{"count":34,"href":"https:\/\/www.fleischmann-wild.de\/cms\/wp-json\/wp\/v2\/pages\/28\/revisions"}],"predecessor-version":[{"id":2985,"href":"https:\/\/www.fleischmann-wild.de\/cms\/wp-json\/wp\/v2\/pages\/28\/revisions\/2985"}],"wp:attachment":[{"href":"https:\/\/www.fleischmann-wild.de\/cms\/wp-json\/wp\/v2\/media?parent=28"}],"curies":[{"name":"wp","href":"https:\/\/api.w.org\/{rel}","templated":true}]}}